{"id":912,"date":"2021-01-21T15:31:44","date_gmt":"2021-01-21T15:31:44","guid":{"rendered":"https:\/\/2021.5d-engineering.com\/case-studies\/grass-solitaer"},"modified":"2021-02-04T12:43:03","modified_gmt":"2021-02-04T12:43:03","slug":"grass-solitaer","status":"publish","type":"page","link":"https:\/\/www.5d-engineering.com\/en\/case-studies\/grass-solitaer\/","title":{"rendered":"GRASS SOLIT\u00c4R"},"content":{"rendered":"\n<style type=\"text\/css\" data-created_by=\"avia_inline_auto\" id=\"style-css-av-ijz9z-45b77482c4083e2c4996dd71af29b754\">\n.flex_column.av-ijz9z-45b77482c4083e2c4996dd71af29b754{\nborder-radius:0px 0px 0px 0px;\npadding:0px 0px 0px 0px;\n}\n<\/style>\n<div  class='flex_column av-ijz9z-45b77482c4083e2c4996dd71af29b754 av_one_full  avia-builder-el-0  avia-builder-el-no-sibling  first flex_column_div av-zero-column-padding  '     ><p>\n<style type=\"text\/css\" data-created_by=\"avia_inline_auto\" id=\"style-css-av-kkqunhi4-265d5526a2a84ea628351674501f417f\">\n#top .av-special-heading.av-kkqunhi4-265d5526a2a84ea628351674501f417f{\npadding-bottom:25px;\n}\nbody .av-special-heading.av-kkqunhi4-265d5526a2a84ea628351674501f417f .av-special-heading-tag .heading-char{\nfont-size:25px;\n}\n.av-special-heading.av-kkqunhi4-265d5526a2a84ea628351674501f417f .av-subheading{\nfont-size:15px;\n}\n<\/style>\n<div  class='av-special-heading av-kkqunhi4-265d5526a2a84ea628351674501f417f av-special-heading-h2 meta-heading blockquote modern-quote  avia-builder-el-1  el_before_av_image  avia-builder-el-first '><h2 class='av-special-heading-tag '  itemprop=\"headline\"  >GRASS SOLIT\u00c4R \u2013 Living Kitchen K\u00f6ln 2011<\/h2><div class=\"special-heading-border\"><div class=\"special-heading-inner-border\"><\/div><\/div><\/div><br \/>\n\n<style type=\"text\/css\" data-created_by=\"avia_inline_auto\" id=\"style-css-av-kjv87upx-08458ee5343b6755d7a60a188249fcad\">\n.avia-image-container.av-kjv87upx-08458ee5343b6755d7a60a188249fcad img.avia_image{\nbox-shadow:none;\n}\n.avia-image-container.av-kjv87upx-08458ee5343b6755d7a60a188249fcad .av-image-caption-overlay-center{\ncolor:#ffffff;\n}\n<\/style>\n<div  class='avia-image-container av-kjv87upx-08458ee5343b6755d7a60a188249fcad av-styling-no-styling avia-align-left  avia-builder-el-2  el_after_av_heading  el_before_av_hr '   itemprop=\"image\" itemscope=\"itemscope\" itemtype=\"https:\/\/schema.org\/ImageObject\" ><div class=\"avia-image-container-inner\"><div class=\"avia-image-overlay-wrap\"><img decoding=\"async\" fetchpriority=\"high\" class='wp-image-531 avia-img-lazy-loading-not-531 avia_image ' src=\"https:\/\/www.5d-engineering.com\/wp-content\/uploads\/2021\/01\/Case_Study_G_Grass_4_5D_Engineering.jpg\" alt='' title='Case_Study_G_Grass_4_5D_Engineering'  height=\"350\" width=\"520\"  itemprop=\"thumbnailUrl\" srcset=\"https:\/\/www.5d-engineering.com\/wp-content\/uploads\/2021\/01\/Case_Study_G_Grass_4_5D_Engineering.jpg 520w, https:\/\/www.5d-engineering.com\/wp-content\/uploads\/2021\/01\/Case_Study_G_Grass_4_5D_Engineering-300x202.jpg 300w\" sizes=\"(max-width: 520px) 100vw, 520px\" \/><\/div><\/div><\/div><br \/>\n\n<style type=\"text\/css\" data-created_by=\"avia_inline_auto\" id=\"style-css-av-kjv8rsge-c2c1bf31552dc0a3372099183a25a6eb\">\n#top .hr.hr-invisible.av-kjv8rsge-c2c1bf31552dc0a3372099183a25a6eb{\nheight:25px;\n}\n<\/style>\n<div  class='hr av-kjv8rsge-c2c1bf31552dc0a3372099183a25a6eb hr-invisible  avia-builder-el-3  el_after_av_image  el_before_av_textblock '><span class='hr-inner '><span class=\"hr-inner-style\"><\/span><\/span><\/div><br \/>\n<section  class='av_textblock_section av-kjv861nc-cda6f941dd3b79445344c3dc1a73013c '   itemscope=\"itemscope\" itemtype=\"https:\/\/schema.org\/CreativeWork\" ><div class='avia_textblock'  itemprop=\"text\" ><p><strong>Intelligente M\u00f6bel erfordern einen erfahrenen Partner bei der technischen Umsetzung.<\/strong><\/p>\n<p>F\u00fcr den Beschlagshersteller Grass aus \u00d6sterreich wurde f\u00fcr die Messe Living Kitchen 2011 in K\u00f6ln ein Pr\u00e4sentationsm\u00f6bel in Mineralwerkstoff geplant und gefertigt. Dabei sollte das Objekt nicht nur ein visuelles Highlight sein, sondern zugleich die Funktion von intelligenten Schubladensystemen aufzeigen.<br \/>\nDie besondere Schwierigkeit bestand darin, die metallischen Hohlkammer-F\u00fchrungen mit rechtwinklig vertikaler Frontbefestigung an die Freiformfl\u00e4chen der Fronten anzubinden.<\/p>\n<\/div><\/section><br \/>\n\n<style type=\"text\/css\" data-created_by=\"avia_inline_auto\" id=\"style-css-av-kjv87upx-606233fc2b89885d3bde7a4b7826c218\">\n.avia-image-container.av-kjv87upx-606233fc2b89885d3bde7a4b7826c218 img.avia_image{\nbox-shadow:none;\n}\n.avia-image-container.av-kjv87upx-606233fc2b89885d3bde7a4b7826c218 .av-image-caption-overlay-center{\ncolor:#ffffff;\n}\n<\/style>\n<div  class='avia-image-container av-kjv87upx-606233fc2b89885d3bde7a4b7826c218 av-styling-no-styling avia-align-left  avia-builder-el-5  el_after_av_textblock  el_before_av_hr '   itemprop=\"image\" itemscope=\"itemscope\" itemtype=\"https:\/\/schema.org\/ImageObject\" ><div class=\"avia-image-container-inner\"><div class=\"avia-image-overlay-wrap\"><img decoding=\"async\" fetchpriority=\"high\" class='wp-image-537 avia-img-lazy-loading-not-537 avia_image ' src=\"https:\/\/www.5d-engineering.com\/wp-content\/uploads\/2021\/01\/Case_Study_G_Grass_2_5D_Engineering.jpg\" alt='' title='Case_Study_G_Grass_2_5D_Engineering'  height=\"350\" width=\"520\"  itemprop=\"thumbnailUrl\" srcset=\"https:\/\/www.5d-engineering.com\/wp-content\/uploads\/2021\/01\/Case_Study_G_Grass_2_5D_Engineering.jpg 520w, https:\/\/www.5d-engineering.com\/wp-content\/uploads\/2021\/01\/Case_Study_G_Grass_2_5D_Engineering-300x202.jpg 300w\" sizes=\"(max-width: 520px) 100vw, 520px\" \/><\/div><\/div><\/div><br \/>\n\n<style type=\"text\/css\" data-created_by=\"avia_inline_auto\" id=\"style-css-av-kjv8rsge-c2c1bf31552dc0a3372099183a25a6eb\">\n#top .hr.hr-invisible.av-kjv8rsge-c2c1bf31552dc0a3372099183a25a6eb{\nheight:25px;\n}\n<\/style>\n<div  class='hr av-kjv8rsge-c2c1bf31552dc0a3372099183a25a6eb hr-invisible  avia-builder-el-6  el_after_av_image  el_before_av_iconlist '><span class='hr-inner '><span class=\"hr-inner-style\"><\/span><\/span><\/div><br \/>\n<div  class='avia-icon-list-container av-kjv8geo6-e1ed3864ea4f550e4cd1a248940c251b  avia-builder-el-7  el_after_av_hr  el_before_av_image '><ul class='avia-icon-list avia_animate_when_almost_visible avia-icon-list-left av-iconlist-small av-kjv8geo6-e1ed3864ea4f550e4cd1a248940c251b avia-iconlist-animate'>\n<li><div class='iconlist_icon av-av_iconlist_item-7c3cf4d51bf15069bf0a7594c3869c01 avia-font-entypo-fontello avia-iconfont avia-font-entypo-fontello'><span class='av-icon-char' data-av_icon='\ue875' data-av_iconfont='entypo-fontello' aria-hidden=\"true\"><\/span><\/div><article class=\"article-icon-entry \"  itemscope=\"itemscope\" itemtype=\"https:\/\/schema.org\/CreativeWork\" ><div class=\"iconlist_content_wrap\"><header class=\"entry-content-header\" aria-label=\"Icon: Die Leistungen von 5D Engineering reichten von der technischen Beratung bei der Erstellung der Form bis hin zur Vorbereitung der Maschinenfertigung. Und dar\u00fcber hinaus:\"><div class='av_iconlist_title iconlist_title_small  '  itemprop=\"headline\" >Die Leistungen von 5D Engineering reichten von der technischen Beratung bei der Erstellung der Form bis hin zur Vorbereitung der Maschinenfertigung. Und dar\u00fcber hinaus:<\/div><\/header><div class='iconlist_content '  itemprop=\"text\" ><ul>\n<li>Machbarkeitsanalyse und Entwicklung von \u00c4nderungsvorschl\u00e4gen<\/li>\n<li>Erstellen eines Ablaufplanes<\/li>\n<li>kommunikative Schnittstelle zwischen Gestalter, Kunde und Hersteller<\/li>\n<li>Erstellung von Freigabe- und Detailzeichnungen<\/li>\n<li>1:1 Werkplanung<\/li>\n<li>Koordination der Bearbeitung des Mineralwerkstoffs<\/li>\n<li>\u00dcberwachung der Verarbeitung im Werk sowie Qualit\u00e4tspr\u00fcfung<\/li>\n<li>Organisation der Lieferung<\/li>\n<li>\u00dcberwachung des Aufbaus vor Ort<\/li>\n<\/ul>\n<\/div><\/div><footer class=\"entry-footer\"><\/footer><\/article><div class=\"iconlist-timeline\"><\/div><\/li>\n<\/ul><\/div><br \/>\n\n<style type=\"text\/css\" data-created_by=\"avia_inline_auto\" id=\"style-css-av-kjv87upx-0da6eab82d67392b82fe08c3ce78dbf0\">\n.avia-image-container.av-kjv87upx-0da6eab82d67392b82fe08c3ce78dbf0 img.avia_image{\nbox-shadow:none;\n}\n.avia-image-container.av-kjv87upx-0da6eab82d67392b82fe08c3ce78dbf0 .av-image-caption-overlay-center{\ncolor:#ffffff;\n}\n<\/style>\n<div  class='avia-image-container av-kjv87upx-0da6eab82d67392b82fe08c3ce78dbf0 av-styling-no-styling avia-align-left  avia-builder-el-8  el_after_av_iconlist  el_before_av_image '   itemprop=\"image\" itemscope=\"itemscope\" itemtype=\"https:\/\/schema.org\/ImageObject\" ><div class=\"avia-image-container-inner\"><div class=\"avia-image-overlay-wrap\"><img decoding=\"async\" fetchpriority=\"high\" class='wp-image-535 avia-img-lazy-loading-not-535 avia_image ' src=\"https:\/\/www.5d-engineering.com\/wp-content\/uploads\/2021\/01\/Case_Study_G_Grass_1_5D_Engineering.jpg\" alt='' title='Case_Study_G_Grass_1_5D_Engineering'  height=\"350\" width=\"520\"  itemprop=\"thumbnailUrl\" srcset=\"https:\/\/www.5d-engineering.com\/wp-content\/uploads\/2021\/01\/Case_Study_G_Grass_1_5D_Engineering.jpg 520w, https:\/\/www.5d-engineering.com\/wp-content\/uploads\/2021\/01\/Case_Study_G_Grass_1_5D_Engineering-300x202.jpg 300w\" sizes=\"(max-width: 520px) 100vw, 520px\" \/><\/div><\/div><\/div><br \/>\n\n<style type=\"text\/css\" data-created_by=\"avia_inline_auto\" id=\"style-css-av-kjv87upx-df9da5dc02ab90f352a86c75a380be90\">\n.avia-image-container.av-kjv87upx-df9da5dc02ab90f352a86c75a380be90 img.avia_image{\nbox-shadow:none;\n}\n.avia-image-container.av-kjv87upx-df9da5dc02ab90f352a86c75a380be90 .av-image-caption-overlay-center{\ncolor:#ffffff;\n}\n<\/style>\n<div  class='avia-image-container av-kjv87upx-df9da5dc02ab90f352a86c75a380be90 av-styling-no-styling avia-align-left  avia-builder-el-9  el_after_av_image  avia-builder-el-last '   itemprop=\"image\" itemscope=\"itemscope\" itemtype=\"https:\/\/schema.org\/ImageObject\" ><div class=\"avia-image-container-inner\"><div class=\"avia-image-overlay-wrap\"><img decoding=\"async\" fetchpriority=\"high\" class='wp-image-529 avia-img-lazy-loading-not-529 avia_image ' src=\"https:\/\/www.5d-engineering.com\/wp-content\/uploads\/2021\/01\/Case_Study_G_Grass_3_5D_Engineering.jpg\" alt='' title='Case_Study_G_Grass_3_5D_Engineering'  height=\"350\" width=\"520\"  itemprop=\"thumbnailUrl\" srcset=\"https:\/\/www.5d-engineering.com\/wp-content\/uploads\/2021\/01\/Case_Study_G_Grass_3_5D_Engineering.jpg 520w, https:\/\/www.5d-engineering.com\/wp-content\/uploads\/2021\/01\/Case_Study_G_Grass_3_5D_Engineering-300x202.jpg 300w\" sizes=\"(max-width: 520px) 100vw, 520px\" \/><\/div><\/div><\/div><\/p><\/div>\n","protected":false},"excerpt":{"rendered":"","protected":false},"author":2,"featured_media":0,"parent":620,"menu_order":15,"comment_status":"closed","ping_status":"closed","template":"","meta":{"footnotes":""},"class_list":["post-912","page","type-page","status-publish","hentry"],"_links":{"self":[{"href":"https:\/\/www.5d-engineering.com\/en\/wp-json\/wp\/v2\/pages\/912","targetHints":{"allow":["GET"]}}],"collection":[{"href":"https:\/\/www.5d-engineering.com\/en\/wp-json\/wp\/v2\/pages"}],"about":[{"href":"https:\/\/www.5d-engineering.com\/en\/wp-json\/wp\/v2\/types\/page"}],"author":[{"embeddable":true,"href":"https:\/\/www.5d-engineering.com\/en\/wp-json\/wp\/v2\/users\/2"}],"replies":[{"embeddable":true,"href":"https:\/\/www.5d-engineering.com\/en\/wp-json\/wp\/v2\/comments?post=912"}],"version-history":[{"count":1,"href":"https:\/\/www.5d-engineering.com\/en\/wp-json\/wp\/v2\/pages\/912\/revisions"}],"predecessor-version":[{"id":913,"href":"https:\/\/www.5d-engineering.com\/en\/wp-json\/wp\/v2\/pages\/912\/revisions\/913"}],"up":[{"embeddable":true,"href":"https:\/\/www.5d-engineering.com\/en\/wp-json\/wp\/v2\/pages\/620"}],"wp:attachment":[{"href":"https:\/\/www.5d-engineering.com\/en\/wp-json\/wp\/v2\/media?parent=912"}],"curies":[{"name":"wp","href":"https:\/\/api.w.org\/{rel}","templated":true}]}}