{"id":173,"date":"2021-01-08T09:33:30","date_gmt":"2021-01-08T09:33:30","guid":{"rendered":"https:\/\/2021.5d-engineering.com\/privacy-policy"},"modified":"2021-02-10T13:24:11","modified_gmt":"2021-02-10T13:24:11","slug":"privacy-policy","status":"publish","type":"page","link":"https:\/\/www.5d-engineering.com\/en\/privacy-policy\/","title":{"rendered":"Privacy"},"content":{"rendered":"\n<style type=\"text\/css\" data-created_by=\"avia_inline_auto\" id=\"style-css-av-av_heading-d0b37d9cd7cdef4de9dd8e0e706af972\">\n#top .av-special-heading.av-av_heading-d0b37d9cd7cdef4de9dd8e0e706af972{\npadding-bottom:10px;\n}\nbody .av-special-heading.av-av_heading-d0b37d9cd7cdef4de9dd8e0e706af972 .av-special-heading-tag .heading-char{\nfont-size:25px;\n}\n.av-special-heading.av-av_heading-d0b37d9cd7cdef4de9dd8e0e706af972 .av-subheading{\nfont-size:15px;\n}\n<\/style>\n<div  class='av-special-heading av-av_heading-d0b37d9cd7cdef4de9dd8e0e706af972 av-special-heading-h3 blockquote modern-quote  avia-builder-el-0  el_before_av_textblock  avia-builder-el-first '><h3 class='av-special-heading-tag '  itemprop=\"headline\"  >Privacy<\/h3><div class=\"special-heading-border\"><div class=\"special-heading-inner-border\"><\/div><\/div><\/div>\n<section  class='av_textblock_section av-7xznp-584de23fa070fc8e038a497b7bf8cb30 '   itemscope=\"itemscope\" itemtype=\"https:\/\/schema.org\/CreativeWork\" ><div class='avia_textblock'  itemprop=\"text\" ><p><strong>Grundlegendes<\/strong><\/p>\n<p>Diese Datenschutzerkl\u00e4rung soll die Nutzer unserer Website \u00fcber die Art, den Umfang und den Zweck der Erhebung und Verwendung personenbezogener Daten informieren. Unsere Website dient haupts\u00e4chlich der Information \u00fcber unsere Dienstleistungen sowie zur Pr\u00e4sentation abgeschlossener Projekte. Ein aktives Benutzertracking durch uns ist derzeit nicht eingebunden.<\/p>\n<p>Wir nehmen den Datenschutz sehr ernst und behandeln Ihre personenbezogenen Daten vertraulich und entsprechend der gesetzlichen Vorschriften. Da durch neue Technologien und die st\u00e4ndige Weiterentwicklung unserer Webseite \u00c4nderungen an dieser Datenschutzerkl\u00e4rung vorgenommen werden k\u00f6nnen, empfehlen wir Ihnen, sich die Datenschutzerkl\u00e4rung in regelm\u00e4\u00dfigen Abst\u00e4nden wieder durchzulesen.<\/p>\n<p>Detaillierte Definitionen der verwendeten Begriffe (z.B. \u201cpersonenbezogene Daten\u201d oder \u201cVerarbeitung\u201d) finden Sie in Art. 4 DSGVO. Diese finden Sie in der ausf\u00fchrlichen Form unter der offiziellen website der EU-Kommission:\u00a0<a href=\"https:\/\/eur-lex.europa.eu\/legal-content\/DE\/TXT\/PDF\/?uri=CELEX:32016R0679&amp;from=DE%20\">https:\/\/eur-lex.europa.eu\/legal-content\/DE\/TXT\/PDF\/?uri=CELEX:32016R0679&amp;from=DE<\/a>\u00a0(Seite 33).<\/p>\n<p><strong>Erfassung und Verarbeitung personenbezogener Daten<\/strong><\/p>\n<p>Da unsere Website keine Tracking-Funktionen unterst\u00fctzt, erheben wir bei der rein informativen Nutzung unserer Website keine personenbezogenen Daten.<\/p>\n<p>Hinweise zur Verwendung von Cookies und Google Analytics finden Sie unter den entsprechenden Kapiteln weiter unten.<\/p>\n<p><strong>Umgang mit Kontaktdaten<\/strong><\/p>\n<p>Wenn Sie per email oder telefonisch mit uns Kontakt aufnehmen, speichern wir die von Ihnen angegebenen Daten, um mit Ihnen als Interessent und potentiellem Kunden Kontakt aufnehmen zu k\u00f6nnen. Wir geben Ihre Daten nicht an Dritte weiter, sondern verwenden diese f\u00fcr unsere Kontaktaufnahme mit Ihnen.<\/p>\n<p>Eine Weitergabe von Kontaktdaten erfolgt ausschlie\u00dflich mit Ihrer Zustimmung.<\/p>\n<p><strong>Newsletter-Abonnement<\/strong><\/p>\n<p>5D Engineering bietet Ihnen einen Newsletter an, in welchem wir Sie \u00fcber aktuelle Geschehnisse und abgeschlossene Projekte informieren. Es werden keine allgemeinen Werbesendungen verschickt. Der Newsletter erscheint 2-4mal j\u00e4hrlich.<\/p>\n<p>M\u00f6chten Sie den Newsletter abonnieren, schicken Sie uns bitte eine email an newsletter@5d-engineering.com. Wenn Sie den Newsletter abonnieren, erkl\u00e4ren Sie sich mit dem Newsletter-Empfang und den erl\u00e4uterten Datenverarbeitungsverfahren einverstanden.<\/p>\n<p>Der Newsletterversand erfolgt durch den Versanddienstleister Clever Reach GmbH &amp; Co. KG, M\u00fchlenstrasse 43, 26180 Rastede, Deutschland. Informationen \u00fcber die Datenschutzbestimmungen des Versanddienstleisters erhalten Sie unter: https:\/\/www.cleverreach.com\/de\/datenschutz\/ oder direkt per email unter\u00a0<a href=\"mailto:datenschutz@cleverreach.com\" target=\"_blank\" rel=\"noreferrer noopener\">datenschutz@cleverreach.com<\/a><\/p>\n<p>Wir haben mit dem Anbieter CleverReach einen Auftrag zur Datenverarbeitung abgeschlossen.<\/p>\n<p>Widerruf und K\u00fcndigung: Ihre Einwilligung zum Erhalt des Newsletters k\u00f6nnen Sie jederzeit widerrufen. Am Ende eines jeden Newsletters finden Sie den Link zur K\u00fcndigung. Nach Ihrer K\u00fcndigung erfolgt die L\u00f6schung Ihrer personenbezogenen Daten aus der Verteilerliste.<\/p>\n<p><strong>Reichweitenmessung &amp; Cookies<\/strong><\/p>\n<p>Articles on this site may include embedded content (e.g. videos, images, articles, etc.). Embedded content from other websites behaves in the exact same way as if the visitor has visited the other website.<\/p>\n<p>These websites may collect data about you, use cookies, embed additional third-party tracking, and monitor your interaction wit<\/p>\n<p>Unter einem Cookie versteht man eine kleine Datei, die Interneteinstellungen speichert. Fast jede Website nutzt Cookie-Technologie. Cookies werden beim ersten Besuch einer Website von Ihrem Webbrowser heruntergeladen. Beim n\u00e4chsten Aufruf dieser Website mit demselben Endger\u00e4t wird das Cookie und die darin gespeicherten Informationen entweder an die Website zur\u00fcckgesandt, die es erzeugt hat (First Party Cookie) oder an eine andere Website gesandt, zu der es geh\u00f6rt (Third Party Cookie). Dadurch erkennt die Website, dass Sie mit diesem Browser schon einmal aufgerufen wurde, und variiert dann in manchen F\u00e4llen den angezeigten Inhalt.<\/p>\n<p>Einige Cookies sind \u00e4u\u00dferst n\u00fctzlich, da sie die Benutzererfahrung beim erneuten Aufruf einer Website, die Sie bereits mehrmals besucht haben, verbessern k\u00f6nnen. Vorausgesetzt, dass Sie dasselbe Endger\u00e4t und denselben Browser wie bisher verwenden, erinnern sich Cookies z. B. an Ihre Vorlieben, wie Sie eine Seite nutzen, und passen die angezeigten Angebote relevanter Ihren pers\u00f6nlichen Interessen und Bed\u00fcrfnissen an.<\/p>\n<p>Abh\u00e4ngig vom Verwendungszweck und Ihrer Funktion k\u00f6nnen Cookies in vier Kategorien eingeteilt werden: unbedingt erforderliche Cookies, Performance Cookies, Funktionale Cookies und Cookies f\u00fcr Marketingzwecke.<\/p>\n<p>Sie k\u00f6nnen auch \u00fcberpr\u00fcfen, welche Arten von Cookies akzeptiert werden oder dies \u00e4ndern. In der Regel k\u00f6nnen Sie diese Einstelllungen in Ihrem Browser durchf\u00fchren. Au\u00dferdem stellen wir Ihnen dazu auch Informationen in dieser Datenschutzerkl\u00e4rung zur Verf\u00fcgung.<\/p>\n<p>Nat\u00fcrlich k\u00f6nnen Sie auch Ihre Browsereinstellung so \u00e4ndern, dass Sie nur Cookies erhalten, die absolut notwendig sind um die grundlegenden Funktionen der Webseite auszuf\u00fchren \u2013 alle anderen Cookies w\u00fcrden dann nicht mehr akzeptiert werden.<\/p>\n<p>Die meisten Browser akzeptieren Cookies. Wenn es Ihnen jedoch lieber ist, dass keine Daten mittels Cookies erfasst werden, so k\u00f6nnen Sie in den Einstellungen Ihres Browsers zur Privatsph\u00e4re festlegen , dass einige oder alle Cookies akzeptiert oder alle Cookies abgelehnt werden sollen.<\/p>\n<p>Wenn allerdings alle Cookies abgelehnt werden, kann es sein, dass nicht alle Funktionen und Inhalte unserer Webseiten zu Ihrer Verf\u00fcgung stehen.<\/p>\n<p>Da jeder Browser anders aufgebaut ist, empfehlen wir Ihnen im Hilfemen\u00fc Ihres Browser nachzuschauen, wie sie die Cookie-Einstellungen \u00e4ndern k\u00f6nnen.Weitere allgemeine Informationen zum Thema Cookie einschlie\u00dflich der M\u00f6glichkeiten zur Cookie-Deaktivierung, finden Sie unter\u00a0<a href=\"http:\/\/aboutcookies.org\/\">aboutcookies.org<\/a>. Dort wird auch beschrieben, wie Sie Cookies von Ihrem Computer l\u00f6schen k\u00f6nnen.<\/p>\n<p>Wir verwenden auf unserer Website keine Cookies, um Daten \u00fcber unsere Besucher zu erheben.<\/p>\n<p><strong>Google Analytics<\/strong><\/p>\n<p>Google LLC nutzt zur Auswertung von Surfdaten von Internetnutzern den Dienst &#8220;Google Analytics&#8221;. Der Dienst verwendet ebenso \u201eCookies\u201c, welche zus\u00e4tzlich zur reinen Kommunikationsverbesserung auch Surfdaten Ihres Ger\u00e4tes sammeln. Die durch die Cookies gesammelten Informationen werden im Regelfall an einen Google-Server in den USA gesandt und dort gespeichert.<\/p>\n<p>Google LLC h\u00e4lt das europ\u00e4ische Datenschutzrecht ein und ist unter dem Privacy-Shield-Abkommen zertifiziert:\u00a0<a href=\"https:\/\/www.privacyshield.gov\/participant?id=a2zt000000001L5AAI&amp;status=Active\">https:\/\/www.privacyshield.gov\/participant?id=a2zt000000001L5AAI&amp;status=Active<\/a><\/p>\n<p>Auf unserer Website greift die IP-Anonymisierung. Die IP-Adresse der Nutzer wird innerhalb der Mitgliedsstaaten der EU und des Europ\u00e4ischen Wirtschaftsraum und in den anderen Vertragsstaaten des Abkommens gek\u00fcrzt. Nur in Einzelf\u00e4llen wird die IP-Adresse zun\u00e4chst ungek\u00fcrzt in die USA an einen Server von Google \u00fcbertragen und dort gek\u00fcrzt. Durch diese K\u00fcrzung entf\u00e4llt der Personenbezug Ihrer IP-Adresse. Die vom Browser \u00fcbermittelte IP-Adresse des Nutzers wird nicht mit anderen von Google gespeicherten Daten kombiniert.<\/p>\n<p>Mit dem unter diesem Link\u00a0<a href=\"https:\/\/tools.google.com\/dlpage\/gaoptout?hl=de\">https:\/\/tools.google.com\/dlpage\/gaoptout?hl=de<\/a>\u00a0(WICHTIG: Opt-Out-Link einf\u00fcgen) verf\u00fcgbaren Browser Add-On k\u00f6nnen Sie verhindern, dass Google Analytics innerhalb unserer Website Daten \u00fcber Sie erfasst. Mit dem Klick auf obigen Link laden Sie ein \u201eOpt-Out-Cookie\u201c herunter. Ihr Browser muss die Speicherung von Cookies also hierzu grunds\u00e4tzlich erlauben. L\u00f6schen Sie Ihre Cookies regelm\u00e4\u00dfig, ist ein erneuter Klick auf den Link bei jedem Besuch unserer Website vonn\u00f6ten. Sie verhindern mit diesem Procedere also nicht die Nutzung von Cookies, jedoch deren Auswertung.<\/p>\n<p>Hier finden Sie weitere Informationen zur Datennutzung durch die Google LLC.:<\/p>\n<p><strong>YouTube<\/strong><\/p>\n<p>Wir stellen auf unserer Website Links zu durch uns ver\u00f6ffentlichte Videos auf Youtube zur Verf\u00fcgung. Die YouTube LLC, 901 Cherry Ave. San Bruno, CA 94066 USA, ist ein Tochterunternehmen der Google LLC. Alle Ihre Informationen werden daher sinngem\u00e4\u00df gleich zu der im Kapitel &#8220;Reichweitenmessung und Cookies&#8221; sowie &#8220;Google Analytics&#8221;\u00a0 beschriebenen Weise verarbeitet. Wenn Sie auf Youtube die Verwendung Ihrer Informationen einschr\u00e4nken m\u00f6chten verwenden Sie bitte das unter Google Analytics beschriebene Browser Add-On.<\/p>\n<p><strong>Rechte des Nutzers<\/strong><\/p>\n<p>Sie haben als Nutzer das Recht, auf Antrag eine kostenlose Auskunft dar\u00fcber zu erhalten, welche personenbezogenen Daten \u00fcber Sie gespeichert wurden. Sie haben au\u00dferdem das Recht auf Berichtigung falscher Daten und auf die Verarbeitungseinschr\u00e4nkung oder L\u00f6schung Ihrer personenbezogenen Daten. Falls zutreffend, k\u00f6nnen Sie auch Ihr Recht auf Datenportabilit\u00e4t geltend machen. Sollten Sie annehmen, dass Ihre Daten unrechtm\u00e4\u00dfig verarbeitet wurden, k\u00f6nnen Sie eine Beschwerde bei der zust\u00e4ndigen Aufsichtsbeh\u00f6rde einreichen.<\/p>\n<p><strong>L\u00f6schung von Daten<\/strong><\/p>\n<p>Sofern Ihr Wunsch nicht mit einer gesetzlichen Pflicht zur Aufbewahrung von Daten (z. B. Vorratsdatenspeicherung) kollidiert, haben Sie ein Anrecht auf L\u00f6schung Ihrer Daten. Von uns gespeicherte Daten werden, sollten sie f\u00fcr ihre Zweckbestimmung nicht mehr vonn\u00f6ten sein und es keine gesetzlichen Aufbewahrungsfristen geben, gel\u00f6scht. Falls eine L\u00f6schung nicht durchgef\u00fchrt werden kann, da die Daten f\u00fcr zul\u00e4ssige gesetzliche Zwecke erforderlich sind, erfolgt eine Einschr\u00e4nkung der Datenverarbeitung. In diesem Fall werden die Daten gesperrt und nicht f\u00fcr andere Zwecke verarbeitet.<\/p>\n<p><strong>Widerspruchsrecht<\/strong><\/p>\n<p>Nutzer unserer Webseite k\u00f6nnen von ihrem Widerspruchsrecht Gebrauch machen und der Verarbeitung ihrer personenbezogenen Daten zu jeder Zeit widersprechen.<\/p>\n<p>Wenn Sie eine Berichtigung, Sperrung, L\u00f6schung oder Auskunft \u00fcber die zu Ihrer Person gespeicherten personenbezogenen Daten w\u00fcnschen oder Fragen bzgl. der Erhebung, Verarbeitung oder Verwendung Ihrer personenbezogenen Daten haben oder erteilte Einwilligungen widerrufen m\u00f6chten, wenden Sie sich bitte an folgende E-Mail-Adresse: info@5d-engineering.com<\/p>\n<p>Stand: Mai 2018{:}{:en}<\/p>\n<p><strong>Datenschutzerkl\u00e4rung<\/strong><\/p>\n<p><strong>Grundlegendes<\/strong><\/p>\n<p>Diese Datenschutzerkl\u00e4rung soll die Nutzer unserer Website \u00fcber die Art, den Umfang und den Zweck der Erhebung und Verwendung personenbezogener Daten informieren. Unsere Website dient haupts\u00e4chlich der Information \u00fcber unsere Dienstleistungen sowie zur Pr\u00e4sentation abgeschlossener Projekte. Ein aktives Benutzertracking durch uns ist derzeit nicht eingebunden.<\/p>\n<p>Wir nehmen den Datenschutz sehr ernst und behandeln Ihre personenbezogenen Daten vertraulich und entsprechend der gesetzlichen Vorschriften. Da durch neue Technologien und die st\u00e4ndige Weiterentwicklung unserer Webseite \u00c4nderungen an dieser Datenschutzerkl\u00e4rung vorgenommen werden k\u00f6nnen, empfehlen wir Ihnen, sich die Datenschutzerkl\u00e4rung in regelm\u00e4\u00dfigen Abst\u00e4nden wieder durchzulesen.<\/p>\n<p>Detaillierte Definitionen der verwendeten Begriffe (z.B. \u201cpersonenbezogene Daten\u201d oder \u201cVerarbeitung\u201d) finden Sie in Art. 4 DSGVO. Diese finden Sie in der ausf\u00fchrlichen Form unter der offiziellen website der EU-Kommission:\u00a0<a href=\"https:\/\/eur-lex.europa.eu\/legal-content\/DE\/TXT\/PDF\/?uri=CELEX:32016R0679&amp;from=DE%20\">https:\/\/eur-lex.europa.eu\/legal-content\/DE\/TXT\/PDF\/?uri=CELEX:32016R0679&amp;from=DE<\/a>\u00a0(Seite 33).<\/p>\n<p><strong>Erfassung und Verarbeitung personenbezogener Daten<\/strong><\/p>\n<p>Da unsere Website keine Tracking-Funktionen unterst\u00fctzt, erheben wir bei der rein informativen Nutzung unserer Website keine personenbezogenen Daten.<\/p>\n<p>Hinweise zur Verwendung von Cookies und Google Analytics finden Sie unter den entsprechenden Kapiteln weiter unten.<\/p>\n<p><strong>Umgang mit Kontaktdaten<\/strong><\/p>\n<p>Wenn Sie per email oder telefonisch mit uns Kontakt aufnehmen, speichern wir die von Ihnen angegebenen Daten, um mit Ihnen als Interessent und potentiellem Kunden Kontakt aufnehmen zu k\u00f6nnen. Wir geben Ihre Daten nicht an Dritte weiter, sondern verwenden diese f\u00fcr unsere Kontaktaufnahme mit Ihnen.<\/p>\n<p>Eine Weitergabe von Kontaktdaten erfolgt ausschlie\u00dflich mit Ihrer Zustimmung.<\/p>\n<p><strong>Newsletter-Abonnement<\/strong><\/p>\n<p>5D Engineering bietet Ihnen einen Newsletter an, in welchem wir Sie \u00fcber aktuelle Geschehnisse und abgeschlossene Projekte informieren. Es werden keine allgemeinen Werbesendungen verschickt. Der Newsletter erscheint 2-4mal j\u00e4hrlich.<\/p>\n<p>M\u00f6chten Sie den Newsletter abonnieren, schicken Sie uns bitte eine email an newsletter@5d-engineering.com. Wenn Sie den Newsletter abonnieren, erkl\u00e4ren Sie sich mit dem Newsletter-Empfang und den erl\u00e4uterten Datenverarbeitungsverfahren einverstanden.<\/p>\n<p>Der Newsletterversand erfolgt durch den Versanddienstleister Clever Reach GmbH &amp; Co. KG, M\u00fchlenstrasse 43, 26180 Rastede, Deutschland. Informationen \u00fcber die Datenschutzbestimmungen des Versanddienstleisters erhalten Sie unter: https:\/\/www.cleverreach.com\/de\/datenschutz\/ oder direkt per email unter\u00a0<a href=\"mailto:datenschutz@cleverreach.com\" target=\"_blank\" rel=\"noreferrer noopener\">datenschutz@cleverreach.com<\/a><\/p>\n<p>Wir haben mit dem Anbieter CleverReach einen Auftrag zur Datenverarbeitung abgeschlossen.<\/p>\n<p>Widerruf und K\u00fcndigung: Ihre Einwilligung zum Erhalt des Newsletters k\u00f6nnen Sie jederzeit widerrufen. Am Ende eines jeden Newsletters finden Sie den Link zur K\u00fcndigung. Nach Ihrer K\u00fcndigung erfolgt die L\u00f6schung Ihrer personenbezogenen Daten aus der Verteilerliste.<\/p>\n<p><strong>Reichweitenmessung &amp; Cookies<\/strong><\/p>\n<p>Unter einem Cookie versteht man eine kleine Datei, die Interneteinstellungen speichert. Fast jede Website nutzt Cookie-Technologie. Cookies werden beim ersten Besuch einer Website von Ihrem Webbrowser heruntergeladen. Beim n\u00e4chsten Aufruf dieser Website mit demselben Endger\u00e4t wird das Cookie und die darin gespeicherten Informationen entweder an die Website zur\u00fcckgesandt, die es erzeugt hat (First Party Cookie) oder an eine andere Website gesandt, zu der es geh\u00f6rt (Third Party Cookie). Dadurch erkennt die Website, dass Sie mit diesem Browser schon einmal aufgerufen wurde, und variiert dann in manchen F\u00e4llen den angezeigten Inhalt.<\/p>\n<p>Einige Cookies sind \u00e4u\u00dferst n\u00fctzlich, da sie die Benutzererfahrung beim erneuten Aufruf einer Website, die Sie bereits mehrmals besucht haben, verbessern k\u00f6nnen. Vorausgesetzt, dass Sie dasselbe Endger\u00e4t und denselben Browser wie bisher verwenden, erinnern sich Cookies z. B. an Ihre Vorlieben, wie Sie eine Seite nutzen, und passen die angezeigten Angebote relevanter Ihren pers\u00f6nlichen Interessen und Bed\u00fcrfnissen an.<\/p>\n<p>Abh\u00e4ngig vom Verwendungszweck und Ihrer Funktion k\u00f6nnen Cookies in vier Kategorien eingeteilt werden: unbedingt erforderliche Cookies, Performance Cookies, Funktionale Cookies und Cookies f\u00fcr Marketingzwecke.<\/p>\n<p>Sie k\u00f6nnen auch \u00fcberpr\u00fcfen, welche Arten von Cookies akzeptiert werden oder dies \u00e4ndern. In der Regel k\u00f6nnen Sie diese Einstelllungen in Ihrem Browser durchf\u00fchren. Au\u00dferdem stellen wir Ihnen dazu auch Informationen in dieser Datenschutzerkl\u00e4rung zur Verf\u00fcgung.<\/p>\n<p>Nat\u00fcrlich k\u00f6nnen Sie auch Ihre Browsereinstellung so \u00e4ndern, dass Sie nur Cookies erhalten, die absolut notwendig sind um die grundlegenden Funktionen der Webseite auszuf\u00fchren \u2013 alle anderen Cookies w\u00fcrden dann nicht mehr akzeptiert werden.<\/p>\n<p>Die meisten Browser akzeptieren Cookies. Wenn es Ihnen jedoch lieber ist, dass keine Daten mittels Cookies erfasst werden, so k\u00f6nnen Sie in den Einstellungen Ihres Browsers zur Privatsph\u00e4re festlegen , dass einige oder alle Cookies akzeptiert oder alle Cookies abgelehnt werden sollen.<\/p>\n<p>Wenn allerdings alle Cookies abgelehnt werden, kann es sein, dass nicht alle Funktionen und Inhalte unserer Webseiten zu Ihrer Verf\u00fcgung stehen.<\/p>\n<p>Da jeder Browser anders aufgebaut ist, empfehlen wir Ihnen im Hilfemen\u00fc Ihres Browser nachzuschauen, wie sie die Cookie-Einstellungen \u00e4ndern k\u00f6nnen.Weitere allgemeine Informationen zum Thema Cookie einschlie\u00dflich der M\u00f6glichkeiten zur Cookie-Deaktivierung, finden Sie unter\u00a0<a href=\"http:\/\/aboutcookies.org\/\">aboutcookies.org<\/a>. Dort wird auch beschrieben, wie Sie Cookies von Ihrem Computer l\u00f6schen k\u00f6nnen.<\/p>\n<p>Wir verwenden auf unserer Website keine Cookies, um Daten \u00fcber unsere Besucher zu erheben.<\/p>\n<p><strong>Google Analytics<\/strong><\/p>\n<p>Google LLC nutzt zur Auswertung von Surfdaten von Internetnutzern den Dienst &#8220;Google Analytics&#8221;. Der Dienst verwendet ebenso \u201eCookies\u201c, welche zus\u00e4tzlich zur reinen Kommunikationsverbesserung auch Surfdaten Ihres Ger\u00e4tes sammeln. Die durch die Cookies gesammelten Informationen werden im Regelfall an einen Google-Server in den USA gesandt und dort gespeichert.<\/p>\n<p>Google LLC h\u00e4lt das europ\u00e4ische Datenschutzrecht ein und ist unter dem Privacy-Shield-Abkommen zertifiziert:\u00a0<a href=\"https:\/\/www.privacyshield.gov\/participant?id=a2zt000000001L5AAI&amp;status=Active\">https:\/\/www.privacyshield.gov\/participant?id=a2zt000000001L5AAI&amp;status=Active<\/a><\/p>\n<p>Auf unserer Website greift die IP-Anonymisierung. Die IP-Adresse der Nutzer wird innerhalb der Mitgliedsstaaten der EU und des Europ\u00e4ischen Wirtschaftsraum und in den anderen Vertragsstaaten des Abkommens gek\u00fcrzt. Nur in Einzelf\u00e4llen wird die IP-Adresse zun\u00e4chst ungek\u00fcrzt in die USA an einen Server von Google \u00fcbertragen und dort gek\u00fcrzt. Durch diese K\u00fcrzung entf\u00e4llt der Personenbezug Ihrer IP-Adresse. Die vom Browser \u00fcbermittelte IP-Adresse des Nutzers wird nicht mit anderen von Google gespeicherten Daten kombiniert.<\/p>\n<p>Mit dem unter diesem Link\u00a0<a href=\"https:\/\/tools.google.com\/dlpage\/gaoptout?hl=de\">https:\/\/tools.google.com\/dlpage\/gaoptout?hl=de<\/a>\u00a0(WICHTIG: Opt-Out-Link einf\u00fcgen) verf\u00fcgbaren Browser Add-On k\u00f6nnen Sie verhindern, dass Google Analytics innerhalb unserer Website Daten \u00fcber Sie erfasst. Mit dem Klick auf obigen Link laden Sie ein \u201eOpt-Out-Cookie\u201c herunter. Ihr Browser muss die Speicherung von Cookies also hierzu grunds\u00e4tzlich erlauben. L\u00f6schen Sie Ihre Cookies regelm\u00e4\u00dfig, ist ein erneuter Klick auf den Link bei jedem Besuch unserer Website vonn\u00f6ten. Sie verhindern mit diesem Procedere also nicht die Nutzung von Cookies, jedoch deren Auswertung.<\/p>\n<p>Hier finden Sie weitere Informationen zur Datennutzung durch die Google LLC.:<\/p>\n<p><strong>YouTube<\/strong><\/p>\n<p>Wir stellen auf unserer Website Links zu durch uns ver\u00f6ffentlichte Videos auf Youtube zur Verf\u00fcgung. Die YouTube LLC, 901 Cherry Ave. San Bruno, CA 94066 USA, ist ein Tochterunternehmen der Google LLC. Alle Ihre Informationen werden daher sinngem\u00e4\u00df gleich zu der im Kapitel &#8220;Reichweitenmessung und Cookies&#8221; sowie &#8220;Google Analytics&#8221;\u00a0 beschriebenen Weise verarbeitet. Wenn Sie auf Youtube die Verwendung Ihrer Informationen einschr\u00e4nken m\u00f6chten verwenden Sie bitte das unter Google Analytics beschriebene Browser Add-On.<\/p>\n<p><strong>Rechte des Nutzers<\/strong><\/p>\n<p>Sie haben als Nutzer das Recht, auf Antrag eine kostenlose Auskunft dar\u00fcber zu erhalten, welche personenbezogenen Daten \u00fcber Sie gespeichert wurden. Sie haben au\u00dferdem das Recht auf Berichtigung falscher Daten und auf die Verarbeitungseinschr\u00e4nkung oder L\u00f6schung Ihrer personenbezogenen Daten. Falls zutreffend, k\u00f6nnen Sie auch Ihr Recht auf Datenportabilit\u00e4t geltend machen. Sollten Sie annehmen, dass Ihre Daten unrechtm\u00e4\u00dfig verarbeitet wurden, k\u00f6nnen Sie eine Beschwerde bei der zust\u00e4ndigen Aufsichtsbeh\u00f6rde einreichen.<\/p>\n<p><strong>L\u00f6schung von Daten<\/strong><\/p>\n<p>Sofern Ihr Wunsch nicht mit einer gesetzlichen Pflicht zur Aufbewahrung von Daten (z. B. Vorratsdatenspeicherung) kollidiert, haben Sie ein Anrecht auf L\u00f6schung Ihrer Daten. Von uns gespeicherte Daten werden, sollten sie f\u00fcr ihre Zweckbestimmung nicht mehr vonn\u00f6ten sein und es keine gesetzlichen Aufbewahrungsfristen geben, gel\u00f6scht. Falls eine L\u00f6schung nicht durchgef\u00fchrt werden kann, da die Daten f\u00fcr zul\u00e4ssige gesetzliche Zwecke erforderlich sind, erfolgt eine Einschr\u00e4nkung der Datenverarbeitung. In diesem Fall werden die Daten gesperrt und nicht f\u00fcr andere Zwecke verarbeitet.<\/p>\n<p><strong>Widerspruchsrecht<\/strong><\/p>\n<p>Nutzer unserer Webseite k\u00f6nnen von ihrem Widerspruchsrecht Gebrauch machen und der Verarbeitung ihrer personenbezogenen Daten zu jeder Zeit widersprechen.<\/p>\n<p>Wenn Sie eine Berichtigung, Sperrung, L\u00f6schung oder Auskunft \u00fcber die zu Ihrer Person gespeicherten personenbezogenen Daten w\u00fcnschen oder Fragen bzgl. der Erhebung, Verarbeitung oder Verwendung Ihrer personenbezogenen Daten haben oder erteilte Einwilligungen widerrufen m\u00f6chten, wenden Sie sich bitte an folgende E-Mail-Adresse: info@5d-engineering.com<\/p>\n<p>Stand: Mai 2018<\/p>\n<\/div><\/section>\n","protected":false},"excerpt":{"rendered":"","protected":false},"author":3,"featured_media":0,"parent":0,"menu_order":0,"comment_status":"closed","ping_status":"open","template":"","meta":{"footnotes":""},"class_list":["post-173","page","type-page","status-publish","hentry"],"_links":{"self":[{"href":"https:\/\/www.5d-engineering.com\/en\/wp-json\/wp\/v2\/pages\/173","targetHints":{"allow":["GET"]}}],"collection":[{"href":"https:\/\/www.5d-engineering.com\/en\/wp-json\/wp\/v2\/pages"}],"about":[{"href":"https:\/\/www.5d-engineering.com\/en\/wp-json\/wp\/v2\/types\/page"}],"author":[{"embeddable":true,"href":"https:\/\/www.5d-engineering.com\/en\/wp-json\/wp\/v2\/users\/3"}],"replies":[{"embeddable":true,"href":"https:\/\/www.5d-engineering.com\/en\/wp-json\/wp\/v2\/comments?post=173"}],"version-history":[{"count":5,"href":"https:\/\/www.5d-engineering.com\/en\/wp-json\/wp\/v2\/pages\/173\/revisions"}],"predecessor-version":[{"id":945,"href":"https:\/\/www.5d-engineering.com\/en\/wp-json\/wp\/v2\/pages\/173\/revisions\/945"}],"wp:attachment":[{"href":"https:\/\/www.5d-engineering.com\/en\/wp-json\/wp\/v2\/media?parent=173"}],"curies":[{"name":"wp","href":"https:\/\/api.w.org\/{rel}","templated":true}]}}